{"id":16,"date":"2026-03-17T14:27:37","date_gmt":"2026-03-17T13:27:37","guid":{"rendered":"https:\/\/xperience-days-2026.armor-iimak.com\/?page_id=16"},"modified":"2026-03-20T12:21:25","modified_gmt":"2026-03-20T11:21:25","slug":"login","status":"publish","type":"page","link":"https:\/\/xperience-days-2026.armor-iimak.com\/zh\/login\/","title":{"rendered":"Login"},"content":{"rendered":"<div class=\"wpb-content-wrapper\"><div class=\"vc_row wpb_row vc_row-fluid\"><div class=\"wpb_column vc_column_container vc_col-sm-12\"><div class=\"vc_column-inner\"><div class=\"wpb_wrapper\">\n\t<div class=\"wpb_raw_code wpb_raw_html wpb_content_element\" >\n\t\t<div class=\"wpb_wrapper\">\n\t\t\t<div style=\"display: flex; justify-content: end;\">\n    <div class=\"trp-shortcode-switcher__wrapper\"\r\n     style=\"--bg:#ffffff;--bg-hover:#0000000d;--text:#000000;--text-hover:#1d2327;--border:1px solid #00000024;--border-width:1px;--border-color:#00000024;--border-radius:5px;--flag-radius:2px;--flag-size:18px;--aspect-ratio:4\/3;--font-size:14px;--transition-duration:0.2s\"\r\n     role=\"group\"\r\n     data-open-mode=\"hover\">\r\n\r\n    \r\n        <!-- ANCHOR (in-flow only; sizing\/borders; inert) -->\r\n        <div class=\"trp-language-switcher trp-ls-dropdown trp-shortcode-switcher trp-shortcode-anchor trp-open-on-hover\"\r\n             aria-hidden=\"true\"\r\n             inert\r\n data-no-translation>\r\n                <div class=\"trp-current-language-item__wrapper\">\r\n        <a class=\"trp-language-item trp-language-item__default trp-language-item__current\" data-no-translation href=\"https:\/\/xperience-days-2026.armor-iimak.com\/zh\/wp-json\/wp\/v2\/pages\/16\" title=\"\u7b80\u4f53\u4e2d\u6587\"><img decoding=\"async\" src=\"https:\/\/xperience-days-2026.armor-iimak.com\/wp-content\/plugins\/translatepress-multilingual\/assets\/flags\/4x3\/zh_CN.svg\" class=\"trp-flag-image\" alt=\"\" role=\"presentation\" loading=\"lazy\" \/><span class=\"trp-language-item-name\">\u7b80\u4f53\u4e2d\u6587<\/span><\/a>                    <svg class=\"trp-shortcode-arrow\" width=\"20\" height=\"20\" viewbox=\"0 0 20 21\" fill=\"none\" aria-hidden=\"true\" focusable=\"false\" xmlns=\"http:\/\/www.w3.org\/2000\/svg\">\r\n                <path d=\"M5 8L10 13L15 8\" stroke=\"var(--text)\" stroke-width=\"2\" stroke-linecap=\"round\" stroke-linejoin=\"round\"\/>\r\n            <\/svg>\r\n            <\/div>\r\n            <\/div>\r\n\r\n        <!-- OVERLAY (positioned; interactive surface) -->\r\n        <div class=\"trp-language-switcher trp-ls-dropdown trp-shortcode-switcher trp-shortcode-overlay trp-open-on-hover\"\r\n             role=\"navigation\"\r\n             aria-label=\"Website language selector\"\r\n             data-no-translation\r\n>\r\n                <div class=\"trp-current-language-item__wrapper\">\r\n        <div class=\"trp-language-item trp-language-item__default trp-language-item__current\" data-no-translation role=\"button\" aria-expanded=\"false\" tabindex=\"0\" aria-label=\"Change language\" aria-controls=\"trp-shortcode-dropdown-69e201199866c\"><img decoding=\"async\" src=\"https:\/\/xperience-days-2026.armor-iimak.com\/wp-content\/plugins\/translatepress-multilingual\/assets\/flags\/4x3\/zh_CN.svg\" class=\"trp-flag-image\" alt=\"\" role=\"presentation\" loading=\"lazy\" \/><span class=\"trp-language-item-name\">\u7b80\u4f53\u4e2d\u6587<\/span><\/div>                    <svg class=\"trp-shortcode-arrow\" width=\"20\" height=\"20\" viewbox=\"0 0 20 21\" fill=\"none\" aria-hidden=\"true\" focusable=\"false\" xmlns=\"http:\/\/www.w3.org\/2000\/svg\">\r\n                <path d=\"M5 8L10 13L15 8\" stroke=\"var(--text)\" stroke-width=\"2\" stroke-linecap=\"round\" stroke-linejoin=\"round\"\/>\r\n            <\/svg>\r\n            <\/div>\r\n    \r\n            <div class=\"trp-switcher-dropdown-list\"\r\n                 id=\"trp-shortcode-dropdown-69e201199866c\"\r\n                 role=\"group\"\r\n                 aria-label=\"Available languages\"\r\n                 hidden\r\n inert\r\n>\r\n                                                            <a class=\"trp-language-item\" href=\"https:\/\/xperience-days-2026.armor-iimak.com\/zh\/wp-json\/wp\/v2\/pages\/16\" title=\"Fran\u00e7ais\">\r\n                            <img decoding=\"async\" src=\"https:\/\/xperience-days-2026.armor-iimak.com\/wp-content\/plugins\/translatepress-multilingual\/assets\/flags\/4x3\/fr_FR.svg\" class=\"trp-flag-image\" alt=\"\" role=\"presentation\" loading=\"lazy\" \/>                                                            <span class=\"trp-language-item-name\" data-no-translation>Fran\u00e7ais<\/span>\r\n                                                                                <\/a>\r\n                                            <a class=\"trp-language-item\" href=\"https:\/\/xperience-days-2026.armor-iimak.com\/zh\/wp-json\/wp\/v2\/pages\/16\" title=\"English\">\r\n                            <img decoding=\"async\" src=\"https:\/\/xperience-days-2026.armor-iimak.com\/wp-content\/plugins\/translatepress-multilingual\/assets\/flags\/4x3\/en_US.svg\" class=\"trp-flag-image\" alt=\"\" role=\"presentation\" loading=\"lazy\" \/>                                                            <span class=\"trp-language-item-name\" data-no-translation>English<\/span>\r\n                                                                                <\/a>\r\n                                            <a class=\"trp-language-item\" href=\"https:\/\/xperience-days-2026.armor-iimak.com\/zh\/wp-json\/wp\/v2\/pages\/16\" title=\"Espa\u00f1ol\">\r\n                            <img decoding=\"async\" src=\"https:\/\/xperience-days-2026.armor-iimak.com\/wp-content\/plugins\/translatepress-multilingual\/assets\/flags\/4x3\/es_ES.svg\" class=\"trp-flag-image\" alt=\"\" role=\"presentation\" loading=\"lazy\" \/>                                                            <span class=\"trp-language-item-name\" data-no-translation>Espa\u00f1ol<\/span>\r\n                                                                                <\/a>\r\n                                            <a class=\"trp-language-item\" href=\"https:\/\/xperience-days-2026.armor-iimak.com\/zh\/wp-json\/wp\/v2\/pages\/16\" title=\"Portugu\u00eas\">\r\n                            <img decoding=\"async\" src=\"https:\/\/xperience-days-2026.armor-iimak.com\/wp-content\/plugins\/translatepress-multilingual\/assets\/flags\/4x3\/pt_PT.svg\" class=\"trp-flag-image\" alt=\"\" role=\"presentation\" loading=\"lazy\" \/>                                                            <span class=\"trp-language-item-name\" data-no-translation>Portugu\u00eas<\/span>\r\n                                                                                <\/a>\r\n                                            <a class=\"trp-language-item\" href=\"https:\/\/xperience-days-2026.armor-iimak.com\/zh\/wp-json\/wp\/v2\/pages\/16\" title=\"Italiano\">\r\n                            <img decoding=\"async\" src=\"https:\/\/xperience-days-2026.armor-iimak.com\/wp-content\/plugins\/translatepress-multilingual\/assets\/flags\/4x3\/it_IT.svg\" class=\"trp-flag-image\" alt=\"\" role=\"presentation\" loading=\"lazy\" \/>                                                            <span class=\"trp-language-item-name\" data-no-translation>Italiano<\/span>\r\n                                                                                <\/a>\r\n                                                <\/div>\r\n        <\/div>\r\n\r\n    <\/div>\r\n\n<\/div>\n\t\t<\/div>\n\t<\/div>\n<\/div><\/div><\/div><\/div><div class=\"vc_row wpb_row vc_row-fluid\"><div class=\"wpb_column vc_column_container vc_col-sm-12\"><div class=\"vc_column-inner\"><div class=\"wpb_wrapper\"><div class=\"vc_empty_space\"   style=\"height: 50px\"><span class=\"vc_empty_space_inner\"><\/span><\/div><\/div><\/div><\/div><\/div><div class=\"vc_row wpb_row vc_row-fluid\"><div class=\"wpb_column vc_column_container vc_col-sm-3\"><div class=\"vc_column-inner\"><div class=\"wpb_wrapper\"><\/div><\/div><\/div><div class=\"wpb_column vc_column_container vc_col-sm-6\"><div class=\"vc_column-inner\"><div class=\"wpb_wrapper\">\n\t<div  class=\"wpb_single_image wpb_content_element vc_align_center wpb_content_element vc_custom_1773822976303\">\n\t\t\n\t\t<figure class=\"wpb_wrapper vc_figure\">\n\t\t\t<div class=\"vc_single_image-wrapper   vc_box_border_grey\"><img loading=\"lazy\" decoding=\"async\" width=\"150\" height=\"40\" src=\"https:\/\/xperience-days-2026.armor-iimak.com\/wp-content\/uploads\/Logo-Footer.png\" class=\"vc_single_image-img attachment-full\" alt=\"\" title=\"Logo Footer\" srcset=\"https:\/\/xperience-days-2026.armor-iimak.com\/wp-content\/uploads\/Logo-Footer.png 150w, https:\/\/xperience-days-2026.armor-iimak.com\/wp-content\/uploads\/Logo-Footer-18x5.png 18w\" sizes=\"auto, (max-width: 150px) 100vw, 150px\" \/><\/div>\n\t\t<\/figure>\n\t<\/div>\n\n\t<div  class=\"wpb_single_image wpb_content_element vc_align_center wpb_content_element\">\n\t\t\n\t\t<figure class=\"wpb_wrapper vc_figure\">\n\t\t\t<div class=\"vc_single_image-wrapper   vc_box_border_grey\"><img loading=\"lazy\" decoding=\"async\" width=\"853\" height=\"284\" src=\"https:\/\/xperience-days-2026.armor-iimak.com\/wp-content\/uploads\/Logo_home.png\" class=\"vc_single_image-img attachment-full\" alt=\"\" title=\"Logo_home\" srcset=\"https:\/\/xperience-days-2026.armor-iimak.com\/wp-content\/uploads\/Logo_home.png 853w, https:\/\/xperience-days-2026.armor-iimak.com\/wp-content\/uploads\/Logo_home-300x100.png 300w, https:\/\/xperience-days-2026.armor-iimak.com\/wp-content\/uploads\/Logo_home-768x256.png 768w\" sizes=\"auto, (max-width: 853px) 100vw, 853px\" \/><\/div>\n\t\t<\/figure>\n\t<\/div>\n<\/div><\/div><\/div><div class=\"wpb_column vc_column_container vc_col-sm-3\"><div class=\"vc_column-inner\"><div class=\"wpb_wrapper\"><\/div><\/div><\/div><\/div><div data-vc-full-width=\"true\" data-vc-full-width-temp=\"true\" data-vc-full-width-init=\"false\" data-vc-stretch-content=\"true\" class=\"vc_row wpb_row vc_row-fluid vc_row-o-full-height vc_row-o-columns-middle vc_row-flex\"><div class=\"wpb_column vc_column_container vc_col-sm-12\"><div class=\"vc_column-inner\"><div class=\"wpb_wrapper\">\n\t<div class=\"wpb_text_column wpb_content_element\" >\n\t\t<div class=\"wpb_wrapper\">\n\t\t\t<form id=\"opa-login\" class=\"opa-form\" method=\"post\" style=\" background-color: #ffffff; color: #000000; padding: 56px 35px; max-width: 400px; margin: 0 auto;\" action=\"\">\r\n\r\n    <input name=\"action\" type=\"hidden\" value=\"opa-login\" \/>\r\n\r\n    <div class=\"row middle-xs center-xs\">\r\n        <div class=\"col-xs-12\">\r\n            <label>Please enter your email<\/label>\r\n            <input id=\"email\" name=\"email\" type=\"text\" data-rule-required=\"true\" data-msg-required=\"This field is required\" data-rule-email=\"true\" data-msg-email=\"Please enter a valid email address\" \/>\r\n        <\/div>\r\n    <\/div>\r\n\r\n    <div class=\"row middle-xs center-xs\">\r\n        <div class=\"col-xs-12\">\r\n            <label>Password<\/label>\r\n            <input id=\"password\" name=\"password\" type=\"password\" data-rule-required=\"true\" data-msg-required=\"This field is required\" \/>\r\n        <\/div>\r\n    <\/div>\r\n\r\n    <div class=\"row middle-xs center-xs\">\r\n        <div class=\"col-xs-12\">\r\n            <label class=\"error\"><\/label>\r\n        <\/div>\r\n    <\/div>\r\n\r\n    <div class=\"row middle-xs center-xs\" style=\"margin-top: 25px;\">\r\n        <div class=\"col-xs-12\">\r\n            <button type=\"submit\" class=\"opa-submit\">SUBMIT<\/button>\r\n        <\/div>\r\n    <\/div>\r\n<input type=\"hidden\" name=\"trp-form-language\" value=\"zh\"\/><\/form>\r\n\r\n<script>\r\n    jQuery(document).ready(function () {\r\n        jQuery('#opa-login').validate();\r\n    });\r\n<\/script>\r\n\n\n\t\t<\/div>\n\t<\/div>\n<\/div><\/div><\/div><\/div><div class=\"vc_row-full-width vc_clearfix\"><\/div>\n<\/div>","protected":false},"excerpt":{"rendered":"\u7b80\u4f53\u4e2d\u6587 \u7b80\u4f53\u4e2d\u6587 Fran\u00e7ais English Espa\u00f1ol Portugu\u00eas Italiano Please enter your email Password SUBMIT","protected":false},"author":1,"featured_media":0,"parent":0,"menu_order":0,"comment_status":"closed","ping_status":"closed","template":"","meta":{"site-sidebar-layout":"no-sidebar","site-content-layout":"plain-container","ast-site-content-layout":"default","site-content-style":"default","site-sidebar-style":"default","ast-global-header-display":"","ast-banner-title-visibility":"disabled","ast-main-header-display":"disabled","ast-hfb-above-header-display":"","ast-hfb-below-header-display":"disabled","ast-hfb-mobile-header-display":"disabled","site-post-title":"disabled","ast-breadcrumbs-content":"disabled","ast-featured-img":"disabled","footer-sml-layout":"disabled","ast-disable-related-posts":"","theme-transparent-header-meta":"default","adv-header-id-meta":"","stick-header-meta":"","header-above-stick-meta":"","header-main-stick-meta":"","header-below-stick-meta":"","astra-migrate-meta-layouts":"set","ast-page-background-enabled":"default","ast-page-background-meta":{"desktop":{"background-color":"var(--ast-global-color-5)","background-image":"","background-repeat":"repeat","background-position":"center center","background-size":"auto","background-attachment":"scroll","background-type":"","background-media":"","overlay-type":"","overlay-color":"","overlay-opacity":"","overlay-gradient":""},"tablet":{"background-color":"","background-image":"","background-repeat":"repeat","background-position":"center center","background-size":"auto","background-attachment":"scroll","background-type":"","background-media":"","overlay-type":"","overlay-color":"","overlay-opacity":"","overlay-gradient":""},"mobile":{"background-color":"","background-image":"","background-repeat":"repeat","background-position":"center center","background-size":"auto","background-attachment":"scroll","background-type":"","background-media":"","overlay-type":"","overlay-color":"","overlay-opacity":"","overlay-gradient":""}},"ast-content-background-meta":{"desktop":{"background-color":"var(--ast-global-color-4)","background-image":"","background-repeat":"repeat","background-position":"center center","background-size":"auto","background-attachment":"scroll","background-type":"","background-media":"","overlay-type":"","overlay-color":"","overlay-opacity":"","overlay-gradient":""},"tablet":{"background-color":"var(--ast-global-color-4)","background-image":"","background-repeat":"repeat","background-position":"center center","background-size":"auto","background-attachment":"scroll","background-type":"","background-media":"","overlay-type":"","overlay-color":"","overlay-opacity":"","overlay-gradient":""},"mobile":{"background-color":"var(--ast-global-color-4)","background-image":"","background-repeat":"repeat","background-position":"center center","background-size":"auto","background-attachment":"scroll","background-type":"","background-media":"","overlay-type":"","overlay-color":"","overlay-opacity":"","overlay-gradient":""}},"footnotes":""},"class_list":["post-16","page","type-page","status-publish","hentry"],"_links":{"self":[{"href":"https:\/\/xperience-days-2026.armor-iimak.com\/zh\/wp-json\/wp\/v2\/pages\/16","targetHints":{"allow":["GET"]}}],"collection":[{"href":"https:\/\/xperience-days-2026.armor-iimak.com\/zh\/wp-json\/wp\/v2\/pages"}],"about":[{"href":"https:\/\/xperience-days-2026.armor-iimak.com\/zh\/wp-json\/wp\/v2\/types\/page"}],"author":[{"embeddable":true,"href":"https:\/\/xperience-days-2026.armor-iimak.com\/zh\/wp-json\/wp\/v2\/users\/1"}],"replies":[{"embeddable":true,"href":"https:\/\/xperience-days-2026.armor-iimak.com\/zh\/wp-json\/wp\/v2\/comments?post=16"}],"version-history":[{"count":28,"href":"https:\/\/xperience-days-2026.armor-iimak.com\/zh\/wp-json\/wp\/v2\/pages\/16\/revisions"}],"predecessor-version":[{"id":264,"href":"https:\/\/xperience-days-2026.armor-iimak.com\/zh\/wp-json\/wp\/v2\/pages\/16\/revisions\/264"}],"wp:attachment":[{"href":"https:\/\/xperience-days-2026.armor-iimak.com\/zh\/wp-json\/wp\/v2\/media?parent=16"}],"curies":[{"name":"wp","href":"https:\/\/api.w.org\/{rel}","templated":true}]}}